{"id":3,"date":"2023-01-26T10:08:43","date_gmt":"2023-01-26T09:08:43","guid":{"rendered":"http:\/\/lois-wera.fr\/?page_id=3"},"modified":"2023-02-03T01:07:29","modified_gmt":"2023-02-03T00:07:29","slug":"mentions-legales","status":"publish","type":"page","link":"https:\/\/lois-wera.fr\/?page_id=3","title":{"rendered":"Mentions L\u00e9gales"},"content":{"rendered":"\t\t<div data-elementor-type=\"wp-page\" data-elementor-id=\"3\" class=\"elementor elementor-3\">\n\t\t\t\t\t\t\t\t\t<section class=\"elementor-section elementor-top-section elementor-element elementor-element-77af097 elementor-section-boxed elementor-section-height-default elementor-section-height-default\" data-id=\"77af097\" data-element_type=\"section\">\n\t\t\t\t\t\t<div class=\"elementor-container elementor-column-gap-default\">\n\t\t\t\t\t<div class=\"elementor-column elementor-col-100 elementor-top-column elementor-element elementor-element-7836e90\" data-id=\"7836e90\" data-element_type=\"column\">\n\t\t\t<div class=\"elementor-widget-wrap elementor-element-populated\">\n\t\t\t\t\t\t\t\t<div class=\"elementor-element elementor-element-a82d8d3 elementor-widget elementor-widget-heading\" data-id=\"a82d8d3\" data-element_type=\"widget\" data-widget_type=\"heading.default\">\n\t\t\t\t<div class=\"elementor-widget-container\">\n\t\t\t<style>\/*! elementor - v3.14.0 - 18-06-2023 *\/\n.elementor-heading-title{padding:0;margin:0;line-height:1}.elementor-widget-heading .elementor-heading-title[class*=elementor-size-]>a{color:inherit;font-size:inherit;line-height:inherit}.elementor-widget-heading .elementor-heading-title.elementor-size-small{font-size:15px}.elementor-widget-heading .elementor-heading-title.elementor-size-medium{font-size:19px}.elementor-widget-heading .elementor-heading-title.elementor-size-large{font-size:29px}.elementor-widget-heading .elementor-heading-title.elementor-size-xl{font-size:39px}.elementor-widget-heading .elementor-heading-title.elementor-size-xxl{font-size:59px}<\/style><h1 class=\"elementor-heading-title elementor-size-default\">Mentions legales<\/h1>\t\t<\/div>\n\t\t\t\t<\/div>\n\t\t\t\t<div class=\"elementor-element elementor-element-582a181 elementor-widget elementor-widget-heading\" data-id=\"582a181\" data-element_type=\"widget\" data-widget_type=\"heading.default\">\n\t\t\t\t<div class=\"elementor-widget-container\">\n\t\t\t<h2 class=\"elementor-heading-title elementor-size-default\">En vigueur au 03\/02\/2023<\/h2>\t\t<\/div>\n\t\t\t\t<\/div>\n\t\t\t\t<div class=\"elementor-element elementor-element-0801bce elementor-widget elementor-widget-text-editor\" data-id=\"0801bce\" data-element_type=\"widget\" data-widget_type=\"text-editor.default\">\n\t\t\t\t<div class=\"elementor-widget-container\">\n\t\t\t<style>\/*! elementor - v3.14.0 - 18-06-2023 *\/\n.elementor-widget-text-editor.elementor-drop-cap-view-stacked .elementor-drop-cap{background-color:#69727d;color:#fff}.elementor-widget-text-editor.elementor-drop-cap-view-framed .elementor-drop-cap{color:#69727d;border:3px solid;background-color:transparent}.elementor-widget-text-editor:not(.elementor-drop-cap-view-default) .elementor-drop-cap{margin-top:8px}.elementor-widget-text-editor:not(.elementor-drop-cap-view-default) .elementor-drop-cap-letter{width:1em;height:1em}.elementor-widget-text-editor .elementor-drop-cap{float:left;text-align:center;line-height:1;font-size:50px}.elementor-widget-text-editor .elementor-drop-cap-letter{display:inline-block}<\/style>\t\t\t\t<div class=\"page\" title=\"Page 1\">\n<div class=\"layoutArea\">\n<div class=\"column\">\n<p>Conforme\u0301ment aux dispositions des Articles 6-III et 19 de la Loi n\u00b02004-575 du 21 juin 2004 pour la Confiance dans l\u2019e\u0301conomie nume\u0301rique, dite L.C.E.N., il est porte\u0301 a\u0300 la connaissance des utilisateurs et visiteurs, ci-apre\u0300s l\u00a0\u00bb\u00a0\u00bbUtilisateur\u00a0\u00bb, du site http:\/\/lois-wera.fr , ci-apre\u0300s le \u00ab\u00a0Site\u00a0\u00bb, les pre\u0301sentes mentions le\u0301gales.<\/p>\n<p>La connexion et la navigation sur le Site par l\u2019Utilisateur implique acceptation inte\u0301grale et sans re\u0301serve des pre\u0301sentes mentions le\u0301gales.<\/p>\n<p>Ces dernie\u0300res sont accessibles sur le Site a\u0300 la rubrique \u00ab Mentions le\u0301gales \u00bb.<\/p>\n<\/div>\n<\/div>\n<\/div>\t\t\t\t\t\t<\/div>\n\t\t\t\t<\/div>\n\t\t\t\t<div class=\"elementor-element elementor-element-d8d2e83 elementor-widget elementor-widget-heading\" data-id=\"d8d2e83\" data-element_type=\"widget\" data-widget_type=\"heading.default\">\n\t\t\t\t<div class=\"elementor-widget-container\">\n\t\t\t<h2 class=\"elementor-heading-title elementor-size-default\">ARTICLE 1 - L'EDITEUR<\/h2>\t\t<\/div>\n\t\t\t\t<\/div>\n\t\t\t\t<div class=\"elementor-element elementor-element-668c4e1 elementor-widget elementor-widget-text-editor\" data-id=\"668c4e1\" data-element_type=\"widget\" data-widget_type=\"text-editor.default\">\n\t\t\t\t<div class=\"elementor-widget-container\">\n\t\t\t\t\t\t\t<div class=\"page\" title=\"Page 1\">\n<div class=\"layoutArea\">\n<div class=\"column\">\n<p>L\u2019e\u0301dition et la direction de la publication du Site est assure\u0301e par Wera Loi\u0308s, dont le nume\u0301ro de te\u0301le\u0301phone est 07 84 32 03 64, et l&rsquo;adresse e-mail walorise@gmail.com.<\/p>\n<\/div>\n<\/div>\n<\/div>\t\t\t\t\t\t<\/div>\n\t\t\t\t<\/div>\n\t\t\t\t<div class=\"elementor-element elementor-element-b9fea97 elementor-widget elementor-widget-heading\" data-id=\"b9fea97\" data-element_type=\"widget\" data-widget_type=\"heading.default\">\n\t\t\t\t<div class=\"elementor-widget-container\">\n\t\t\t<h2 class=\"elementor-heading-title elementor-size-default\">ARTICLE 2 - L'HEBERGEUR<\/h2>\t\t<\/div>\n\t\t\t\t<\/div>\n\t\t\t\t<div class=\"elementor-element elementor-element-9591a41 elementor-widget elementor-widget-text-editor\" data-id=\"9591a41\" data-element_type=\"widget\" data-widget_type=\"text-editor.default\">\n\t\t\t\t<div class=\"elementor-widget-container\">\n\t\t\t\t\t\t\t<div class=\"page\" title=\"Page 1\">\n<div class=\"layoutArea\">\n<div class=\"column\">\n<p>L&rsquo;he\u0301bergeur du Site est la socie\u0301te\u0301 PlanetHoster, dont le sie\u0300ge social est situe\u0301 au 4416 Louis-B.-Mayer Laval, Que\u0301bec Canada H7P 0G1 , avec le nume\u0301ro de te\u0301le\u0301phone : 01 76 60 41 43.<\/p>\n<\/div>\n<\/div>\n<\/div>\t\t\t\t\t\t<\/div>\n\t\t\t\t<\/div>\n\t\t\t\t<div class=\"elementor-element elementor-element-14e2cf9 elementor-widget elementor-widget-heading\" data-id=\"14e2cf9\" data-element_type=\"widget\" data-widget_type=\"heading.default\">\n\t\t\t\t<div class=\"elementor-widget-container\">\n\t\t\t<h2 class=\"elementor-heading-title elementor-size-default\">ARTICLE 3 - ACCES AU SITE<\/h2>\t\t<\/div>\n\t\t\t\t<\/div>\n\t\t\t\t<div class=\"elementor-element elementor-element-ef4331e elementor-widget elementor-widget-text-editor\" data-id=\"ef4331e\" data-element_type=\"widget\" data-widget_type=\"text-editor.default\">\n\t\t\t\t<div class=\"elementor-widget-container\">\n\t\t\t\t\t\t\t<div class=\"page\" title=\"Page 1\">\n<div class=\"layoutArea\">\n<div class=\"column\">\n<p>Le Site est accessible en tout endroit, 7j\/7, 24h\/24 sauf cas de force majeure, interruption programme\u0301e ou non et pouvant de\u0301coulant d\u2019une ne\u0301cessite\u0301 de maintenance.<\/p>\n<p>En cas de modification, interruption ou suspension du Site, l&rsquo;Editeur ne saurait e\u0302tre tenu responsable.<\/p>\n<\/div>\n<\/div>\n<\/div>\t\t\t\t\t\t<\/div>\n\t\t\t\t<\/div>\n\t\t\t\t<div class=\"elementor-element elementor-element-6a2c119 elementor-widget elementor-widget-heading\" data-id=\"6a2c119\" data-element_type=\"widget\" data-widget_type=\"heading.default\">\n\t\t\t\t<div class=\"elementor-widget-container\">\n\t\t\t<h2 class=\"elementor-heading-title elementor-size-default\">ARTICLE 4 - COLLECTE DES DONNEES<\/h2>\t\t<\/div>\n\t\t\t\t<\/div>\n\t\t\t\t<div class=\"elementor-element elementor-element-157e72f elementor-widget elementor-widget-text-editor\" data-id=\"157e72f\" data-element_type=\"widget\" data-widget_type=\"text-editor.default\">\n\t\t\t\t<div class=\"elementor-widget-container\">\n\t\t\t\t\t\t\t<div class=\"page\" title=\"Page 1\">\n<div class=\"layoutArea\">\n<div class=\"column\">\n<p>Le site est exempte\u0301 de de\u0301claration a\u0300 la Commission Nationale Informatique et Liberte\u0301s (CNIL) dans la mesure ou\u0300 il ne collecte aucune donne\u0301e concernant les utilisateurs.<\/p>\n<div class=\"page\" title=\"Page 2\">\n<div class=\"layoutArea\">\n<div class=\"column\">\n<p>Toute utilisation, reproduction, diffusion, commercialisation, modification de toute ou partie du Site, sans autorisation de l\u2019Editeur est prohibe\u0301e et pourra entrai\u0302ne\u0301e des actions et poursuites judiciaires telles que notamment pre\u0301vues par le Code de la proprie\u0301te\u0301 intellectuelle et le Code civil.<\/p>\n<\/div>\n<\/div>\n<\/div>\n<\/div>\n<\/div>\n<\/div>\t\t\t\t\t\t<\/div>\n\t\t\t\t<\/div>\n\t\t\t\t\t<\/div>\n\t\t<\/div>\n\t\t\t\t\t\t\t<\/div>\n\t\t<\/section>\n\t\t\t\t\t\t\t<\/div>\n\t\t","protected":false},"excerpt":{"rendered":"<p>Mentions legales En vigueur au 03\/02\/2023 Conforme\u0301ment aux dispositions des Articles 6-III et 19 de la Loi n\u00b02004-575 du 21 juin 2004 pour la Confiance dans l\u2019e\u0301conomie nume\u0301rique, dite L.C.E.N., il est porte\u0301 a\u0300 la connaissance des utilisateurs et visiteurs, ci-apre\u0300s l\u00a0\u00bb\u00a0\u00bbUtilisateur\u00a0\u00bb, du site http:\/\/lois-wera.fr , ci-apre\u0300s le \u00ab\u00a0Site\u00a0\u00bb, les pre\u0301sentes mentions le\u0301gales. La connexion et la navigation sur le Site par l\u2019Utilisateur implique acceptation inte\u0301grale et sans re\u0301serve des pre\u0301sentes mentions le\u0301gales. Ces dernie\u0300res sont accessibles sur le Site a\u0300 la rubrique \u00ab Mentions le\u0301gales \u00bb. ARTICLE 1 &#8211; L&rsquo;EDITEUR L\u2019e\u0301dition et la direction de la publication du Site\u2026<\/p>\n","protected":false},"author":1,"featured_media":0,"parent":0,"menu_order":0,"comment_status":"closed","ping_status":"closed","template":"","meta":{"footnotes":""},"class_list":["post-3","page","type-page","status-publish","hentry"],"blocksy_meta":{"styles_descriptor":{"styles":{"desktop":"","tablet":"","mobile":""},"google_fonts":[],"version":5}},"yoast_head":"<!-- This site is optimized with the Yoast SEO plugin v20.9 - https:\/\/yoast.com\/wordpress\/plugins\/seo\/ -->\n<title>Mentions L\u00e9gales - Lo\u00efs Wera<\/title>\n<meta name=\"robots\" content=\"index, follow, max-snippet:-1, max-image-preview:large, max-video-preview:-1\" \/>\n<link rel=\"canonical\" href=\"https:\/\/lois-wera.fr\/?page_id=3\" \/>\n<meta property=\"og:locale\" content=\"fr_FR\" \/>\n<meta property=\"og:type\" content=\"article\" \/>\n<meta property=\"og:title\" content=\"Mentions L\u00e9gales - Lo\u00efs Wera\" \/>\n<meta property=\"og:description\" content=\"Mentions legales En vigueur au 03\/02\/2023 Conforme\u0301ment aux dispositions des Articles 6-III et 19 de la Loi n\u00b02004-575 du 21 juin 2004 pour la Confiance dans l\u2019e\u0301conomie nume\u0301rique, dite L.C.E.N., il est porte\u0301 a\u0300 la connaissance des utilisateurs et visiteurs, ci-apre\u0300s l\u00a0\u00bb\u00a0\u00bbUtilisateur\u00a0\u00bb, du site http:\/\/lois-wera.fr , ci-apre\u0300s le \u00ab\u00a0Site\u00a0\u00bb, les pre\u0301sentes mentions le\u0301gales. La connexion et la navigation sur le Site par l\u2019Utilisateur implique acceptation inte\u0301grale et sans re\u0301serve des pre\u0301sentes mentions le\u0301gales. Ces dernie\u0300res sont accessibles sur le Site a\u0300 la rubrique \u00ab Mentions le\u0301gales \u00bb. ARTICLE 1 &#8211; L&rsquo;EDITEUR L\u2019e\u0301dition et la direction de la publication du Site\u2026\" \/>\n<meta property=\"og:url\" content=\"https:\/\/lois-wera.fr\/?page_id=3\" \/>\n<meta property=\"og:site_name\" content=\"Lo\u00efs Wera\" \/>\n<meta property=\"article:modified_time\" content=\"2023-02-03T00:07:29+00:00\" \/>\n<meta name=\"twitter:card\" content=\"summary_large_image\" \/>\n<meta name=\"twitter:label1\" content=\"Dur\u00e9e de lecture estim\u00e9e\" \/>\n\t<meta name=\"twitter:data1\" content=\"2 minutes\" \/>\n<script type=\"application\/ld+json\" class=\"yoast-schema-graph\">{\"@context\":\"https:\/\/schema.org\",\"@graph\":[{\"@type\":\"WebPage\",\"@id\":\"https:\/\/lois-wera.fr\/?page_id=3\",\"url\":\"https:\/\/lois-wera.fr\/?page_id=3\",\"name\":\"Mentions L\u00e9gales - Lo\u00efs Wera\",\"isPartOf\":{\"@id\":\"https:\/\/lois-wera.fr\/#website\"},\"datePublished\":\"2023-01-26T09:08:43+00:00\",\"dateModified\":\"2023-02-03T00:07:29+00:00\",\"breadcrumb\":{\"@id\":\"https:\/\/lois-wera.fr\/?page_id=3#breadcrumb\"},\"inLanguage\":\"fr-FR\",\"potentialAction\":[{\"@type\":\"ReadAction\",\"target\":[\"https:\/\/lois-wera.fr\/?page_id=3\"]}]},{\"@type\":\"BreadcrumbList\",\"@id\":\"https:\/\/lois-wera.fr\/?page_id=3#breadcrumb\",\"itemListElement\":[{\"@type\":\"ListItem\",\"position\":1,\"name\":\"Accueil\",\"item\":\"https:\/\/lois-wera.fr\/\"},{\"@type\":\"ListItem\",\"position\":2,\"name\":\"Mentions L\u00e9gales\"}]},{\"@type\":\"WebSite\",\"@id\":\"https:\/\/lois-wera.fr\/#website\",\"url\":\"https:\/\/lois-wera.fr\/\",\"name\":\"Lo\u00efs Wera\",\"description\":\"\",\"publisher\":{\"@id\":\"https:\/\/lois-wera.fr\/#organization\"},\"potentialAction\":[{\"@type\":\"SearchAction\",\"target\":{\"@type\":\"EntryPoint\",\"urlTemplate\":\"https:\/\/lois-wera.fr\/?s={search_term_string}\"},\"query-input\":\"required name=search_term_string\"}],\"inLanguage\":\"fr-FR\"},{\"@type\":\"Organization\",\"@id\":\"https:\/\/lois-wera.fr\/#organization\",\"name\":\"Lo\u00efs Wera\",\"url\":\"https:\/\/lois-wera.fr\/\",\"logo\":{\"@type\":\"ImageObject\",\"inLanguage\":\"fr-FR\",\"@id\":\"https:\/\/lois-wera.fr\/#\/schema\/logo\/image\/\",\"url\":\"https:\/\/lois-wera.fr\/wp-content\/uploads\/2023\/02\/logo-1.png\",\"contentUrl\":\"https:\/\/lois-wera.fr\/wp-content\/uploads\/2023\/02\/logo-1.png\",\"width\":550,\"height\":333,\"caption\":\"Lo\u00efs Wera\"},\"image\":{\"@id\":\"https:\/\/lois-wera.fr\/#\/schema\/logo\/image\/\"}}]}<\/script>\n<!-- \/ Yoast SEO plugin. -->","yoast_head_json":{"title":"Mentions L\u00e9gales - Lo\u00efs Wera","robots":{"index":"index","follow":"follow","max-snippet":"max-snippet:-1","max-image-preview":"max-image-preview:large","max-video-preview":"max-video-preview:-1"},"canonical":"https:\/\/lois-wera.fr\/?page_id=3","og_locale":"fr_FR","og_type":"article","og_title":"Mentions L\u00e9gales - Lo\u00efs Wera","og_description":"Mentions legales En vigueur au 03\/02\/2023 Conforme\u0301ment aux dispositions des Articles 6-III et 19 de la Loi n\u00b02004-575 du 21 juin 2004 pour la Confiance dans l\u2019e\u0301conomie nume\u0301rique, dite L.C.E.N., il est porte\u0301 a\u0300 la connaissance des utilisateurs et visiteurs, ci-apre\u0300s l\u00a0\u00bb\u00a0\u00bbUtilisateur\u00a0\u00bb, du site http:\/\/lois-wera.fr , ci-apre\u0300s le \u00ab\u00a0Site\u00a0\u00bb, les pre\u0301sentes mentions le\u0301gales. La connexion et la navigation sur le Site par l\u2019Utilisateur implique acceptation inte\u0301grale et sans re\u0301serve des pre\u0301sentes mentions le\u0301gales. Ces dernie\u0300res sont accessibles sur le Site a\u0300 la rubrique \u00ab Mentions le\u0301gales \u00bb. ARTICLE 1 &#8211; L&rsquo;EDITEUR L\u2019e\u0301dition et la direction de la publication du Site\u2026","og_url":"https:\/\/lois-wera.fr\/?page_id=3","og_site_name":"Lo\u00efs Wera","article_modified_time":"2023-02-03T00:07:29+00:00","twitter_card":"summary_large_image","twitter_misc":{"Dur\u00e9e de lecture estim\u00e9e":"2 minutes"},"schema":{"@context":"https:\/\/schema.org","@graph":[{"@type":"WebPage","@id":"https:\/\/lois-wera.fr\/?page_id=3","url":"https:\/\/lois-wera.fr\/?page_id=3","name":"Mentions L\u00e9gales - Lo\u00efs Wera","isPartOf":{"@id":"https:\/\/lois-wera.fr\/#website"},"datePublished":"2023-01-26T09:08:43+00:00","dateModified":"2023-02-03T00:07:29+00:00","breadcrumb":{"@id":"https:\/\/lois-wera.fr\/?page_id=3#breadcrumb"},"inLanguage":"fr-FR","potentialAction":[{"@type":"ReadAction","target":["https:\/\/lois-wera.fr\/?page_id=3"]}]},{"@type":"BreadcrumbList","@id":"https:\/\/lois-wera.fr\/?page_id=3#breadcrumb","itemListElement":[{"@type":"ListItem","position":1,"name":"Accueil","item":"https:\/\/lois-wera.fr\/"},{"@type":"ListItem","position":2,"name":"Mentions L\u00e9gales"}]},{"@type":"WebSite","@id":"https:\/\/lois-wera.fr\/#website","url":"https:\/\/lois-wera.fr\/","name":"Lo\u00efs Wera","description":"","publisher":{"@id":"https:\/\/lois-wera.fr\/#organization"},"potentialAction":[{"@type":"SearchAction","target":{"@type":"EntryPoint","urlTemplate":"https:\/\/lois-wera.fr\/?s={search_term_string}"},"query-input":"required name=search_term_string"}],"inLanguage":"fr-FR"},{"@type":"Organization","@id":"https:\/\/lois-wera.fr\/#organization","name":"Lo\u00efs Wera","url":"https:\/\/lois-wera.fr\/","logo":{"@type":"ImageObject","inLanguage":"fr-FR","@id":"https:\/\/lois-wera.fr\/#\/schema\/logo\/image\/","url":"https:\/\/lois-wera.fr\/wp-content\/uploads\/2023\/02\/logo-1.png","contentUrl":"https:\/\/lois-wera.fr\/wp-content\/uploads\/2023\/02\/logo-1.png","width":550,"height":333,"caption":"Lo\u00efs Wera"},"image":{"@id":"https:\/\/lois-wera.fr\/#\/schema\/logo\/image\/"}}]}},"_links":{"self":[{"href":"https:\/\/lois-wera.fr\/index.php?rest_route=\/wp\/v2\/pages\/3","targetHints":{"allow":["GET"]}}],"collection":[{"href":"https:\/\/lois-wera.fr\/index.php?rest_route=\/wp\/v2\/pages"}],"about":[{"href":"https:\/\/lois-wera.fr\/index.php?rest_route=\/wp\/v2\/types\/page"}],"author":[{"embeddable":true,"href":"https:\/\/lois-wera.fr\/index.php?rest_route=\/wp\/v2\/users\/1"}],"replies":[{"embeddable":true,"href":"https:\/\/lois-wera.fr\/index.php?rest_route=%2Fwp%2Fv2%2Fcomments&post=3"}],"version-history":[{"count":4,"href":"https:\/\/lois-wera.fr\/index.php?rest_route=\/wp\/v2\/pages\/3\/revisions"}],"predecessor-version":[{"id":415,"href":"https:\/\/lois-wera.fr\/index.php?rest_route=\/wp\/v2\/pages\/3\/revisions\/415"}],"wp:attachment":[{"href":"https:\/\/lois-wera.fr\/index.php?rest_route=%2Fwp%2Fv2%2Fmedia&parent=3"}],"curies":[{"name":"wp","href":"https:\/\/api.w.org\/{rel}","templated":true}]}}